{"id":36418,"date":"2019-03-07T13:22:32","date_gmt":"2019-03-07T13:22:32","guid":{"rendered":"https:\/\/sawaftech.com\/web-sitesi-olustur\/"},"modified":"2026-04-15T06:54:06","modified_gmt":"2026-04-15T06:54:06","slug":"web-sitesi-olustur","status":"publish","type":"page","link":"https:\/\/sawaftech.com\/tr\/web-sitesi-olustur\/","title":{"rendered":"Web Sitesi Olu\u015ftur"},"content":{"rendered":"\t\t<div data-elementor-type=\"wp-page\" data-elementor-id=\"36418\" class=\"elementor elementor-36418 elementor-608\" data-elementor-post-type=\"page\">\n\t\t\t\t\t\t<section class=\"elementor-section elementor-top-section elementor-element elementor-element-ec44154 elementor-section-height-min-height elementor-section-full_width elementor-section-height-default elementor-section-items-middle\" data-id=\"ec44154\" data-element_type=\"section\" data-e-type=\"section\" data-settings=\"{&quot;background_background&quot;:&quot;classic&quot;}\">\n\t\t\t\t\t\t<div class=\"elementor-container elementor-column-gap-default\">\n\t\t\t\t\t<div class=\"elementor-column elementor-col-50 elementor-top-column elementor-element elementor-element-36ddbb1\" data-id=\"36ddbb1\" data-element_type=\"column\" data-e-type=\"column\" data-settings=\"{&quot;background_background&quot;:&quot;classic&quot;}\">\n\t\t\t<div class=\"elementor-widget-wrap elementor-element-populated\">\n\t\t\t\t\t\t<div class=\"elementor-element elementor-element-1cb0d58 elementor-widget elementor-widget-qi_addons_for_elementor_animated_text\" data-id=\"1cb0d58\" data-element_type=\"widget\" data-e-type=\"widget\" data-widget_type=\"qi_addons_for_elementor_animated_text.default\">\n\t\t\t\t<div class=\"elementor-widget-container\">\n\t\t\t\t\t<div class=\"qodef-shortcode qodef-m qodef-qi-animated-text qodef--animated-by-word qodef--alignment-left qodef-qi--has-appear qodef--appear-from-bottom\" >\n\t\t<h2 class=\"qodef-m-title\">\n\t\t<span class=\"qodef-e-word\">\u00d6zel<\/span> <span class=\"qodef-e-word\">Yaz\u0131l\u0131m<\/span>\t<\/h2>\n<\/div>\n\t\t\t\t<\/div>\n\t\t\t\t<\/div>\n\t\t\t\t\t<\/div>\n\t\t<\/div>\n\t\t\t\t<div class=\"elementor-column elementor-col-50 elementor-top-column elementor-element elementor-element-f18bdfb\" data-id=\"f18bdfb\" data-element_type=\"column\" data-e-type=\"column\" data-settings=\"{&quot;background_background&quot;:&quot;classic&quot;}\">\n\t\t\t<div class=\"elementor-widget-wrap elementor-element-populated\">\n\t\t\t\t\t\t<div class=\"elementor-element elementor-element-542a137 elementor-widget elementor-widget-image\" data-id=\"542a137\" data-element_type=\"widget\" data-e-type=\"widget\" data-widget_type=\"image.default\">\n\t\t\t\t<div class=\"elementor-widget-container\">\n\t\t\t\t\t\t\t\t\t\t\t\t\t\t\t<img fetchpriority=\"high\" decoding=\"async\" width=\"599\" height=\"499\" src=\"https:\/\/sawaftech.com\/wp-content\/uploads\/2023\/04\/webdev-1.png\" class=\"attachment-large size-large wp-image-33316\" alt=\"\" srcset=\"https:\/\/sawaftech.com\/wp-content\/uploads\/2023\/04\/webdev-1.png 599w, https:\/\/sawaftech.com\/wp-content\/uploads\/2023\/04\/webdev-1-300x250.png 300w, https:\/\/sawaftech.com\/wp-content\/uploads\/2023\/04\/webdev-1-14x12.png 14w, https:\/\/sawaftech.com\/wp-content\/uploads\/2023\/04\/webdev-1-500x417.png 500w\" sizes=\"(max-width: 599px) 100vw, 599px\" \/>\t\t\t\t\t\t\t\t\t\t\t\t\t\t\t<\/div>\n\t\t\t\t<\/div>\n\t\t\t\t<div class=\"elementor-element elementor-element-6916179 elementor-absolute elementor-widget elementor-widget-image\" data-id=\"6916179\" data-element_type=\"widget\" data-e-type=\"widget\" data-settings=\"{&quot;_position&quot;:&quot;absolute&quot;}\" data-widget_type=\"image.default\">\n\t\t\t\t<div class=\"elementor-widget-container\">\n\t\t\t\t\t\t\t\t\t\t\t\t\t\t\t<img decoding=\"async\" width=\"150\" height=\"150\" src=\"https:\/\/sawaftech.com\/wp-content\/uploads\/2023\/04\/webdev3-150x150.png\" class=\"attachment-thumbnail size-thumbnail wp-image-33318\" alt=\"\" srcset=\"https:\/\/sawaftech.com\/wp-content\/uploads\/2023\/04\/webdev3-150x150.png 150w, https:\/\/sawaftech.com\/wp-content\/uploads\/2023\/04\/webdev3-650x650.png 650w\" sizes=\"(max-width: 150px) 100vw, 150px\" \/>\t\t\t\t\t\t\t\t\t\t\t\t\t\t\t<\/div>\n\t\t\t\t<\/div>\n\t\t\t\t<div class=\"elementor-element elementor-element-ab15a52 elementor-absolute elementor-widget elementor-widget-image\" data-id=\"ab15a52\" data-element_type=\"widget\" data-e-type=\"widget\" data-settings=\"{&quot;_position&quot;:&quot;absolute&quot;}\" data-widget_type=\"image.default\">\n\t\t\t\t<div class=\"elementor-widget-container\">\n\t\t\t\t\t\t\t\t\t\t\t\t\t\t\t<img decoding=\"async\" width=\"150\" height=\"150\" src=\"https:\/\/sawaftech.com\/wp-content\/uploads\/2023\/04\/webdev2-150x150.png\" class=\"attachment-thumbnail size-thumbnail wp-image-33317\" alt=\"\" srcset=\"https:\/\/sawaftech.com\/wp-content\/uploads\/2023\/04\/webdev2-150x150.png 150w, https:\/\/sawaftech.com\/wp-content\/uploads\/2023\/04\/webdev2-650x650.png 650w\" sizes=\"(max-width: 150px) 100vw, 150px\" \/>\t\t\t\t\t\t\t\t\t\t\t\t\t\t\t<\/div>\n\t\t\t\t<\/div>\n\t\t\t\t\t<\/div>\n\t\t<\/div>\n\t\t\t\t\t<\/div>\n\t\t<\/section>\n\t\t\t\t<section class=\"elementor-section elementor-top-section elementor-element elementor-element-e0d1c93 elementor-section-boxed elementor-section-height-default elementor-section-height-default\" data-id=\"e0d1c93\" data-element_type=\"section\" data-e-type=\"section\">\n\t\t\t\t\t\t<div class=\"elementor-container elementor-column-gap-default\">\n\t\t\t\t\t<div class=\"elementor-column elementor-col-100 elementor-top-column elementor-element elementor-element-1f5f80f\" data-id=\"1f5f80f\" data-element_type=\"column\" data-e-type=\"column\">\n\t\t\t<div class=\"elementor-widget-wrap elementor-element-populated\">\n\t\t\t\t\t\t<div class=\"elementor-element elementor-element-7e04bef elementor-widget elementor-widget-shortcode\" data-id=\"7e04bef\" data-element_type=\"widget\" data-e-type=\"widget\" data-widget_type=\"shortcode.default\">\n\t\t\t\t<div class=\"elementor-widget-container\">\n\t\t\t\t\t\t\t<div class=\"elementor-shortcode\">\n<div class=\"wpcf7 no-js\" id=\"wpcf7-f36122-o1\" lang=\"tr-TR\" dir=\"ltr\" data-wpcf7-id=\"36122\">\n<div class=\"screen-reader-response\"><p role=\"status\" aria-live=\"polite\" aria-atomic=\"true\"><\/p> <ul><\/ul><\/div>\n<form action=\"\/tr\/wp-json\/wp\/v2\/pages\/36418#wpcf7-f36122-o1\" method=\"post\" class=\"wpcf7-form init\" aria-label=\"\u0130leti\u015fim Formu\" enctype=\"multipart\/form-data\" novalidate=\"novalidate\" data-status=\"init\">\n<fieldset class=\"hidden-fields-container\"><input type=\"hidden\" name=\"_wpcf7\" value=\"36122\" \/><input type=\"hidden\" name=\"_wpcf7_version\" value=\"6.1.5\" \/><input type=\"hidden\" name=\"_wpcf7_locale\" value=\"tr_TR\" \/><input type=\"hidden\" name=\"_wpcf7_unit_tag\" value=\"wpcf7-f36122-o1\" \/><input type=\"hidden\" name=\"_wpcf7_container_post\" value=\"0\" \/><input type=\"hidden\" name=\"_wpcf7_posted_data_hash\" value=\"\" \/><input type=\"hidden\" name=\"_extcf7_conditional_options\" value=\"{&quot;form_id&quot;:36122,&quot;conditions&quot;:[]}\" \/><input type=\"hidden\" name=\"_extcf7_redirect_options\" value=\"{&quot;form_id&quot;:36122,&quot;redirect_options&quot;:&quot;&quot;}\" \/><input type=\"hidden\" name=\"_uacf7_hidden_conditional_fields\" value=\"\" \/><input type=\"hidden\" name=\"_wpcf7_recaptcha_response\" value=\"\" \/>\n<\/fieldset>\n<div class=\"uacf7-form-wrapper-container uacf7-form-36122  \"><label style=\"font-size:20px; color:#fff; text-align: center; background-color:#0CA2C2;\" >Genel Bilgiler<\/label>\r\n\r\n<div class=\"clearfix\">\r\n<br>\r\n<div class=\"left\">\r\n<label> Tam ad\u0131\r\n    <span class=\"wpcf7-form-control-wrap\" data-name=\"your-name\"><input size=\"40\" maxlength=\"400\" class=\"wpcf7-form-control wpcf7-text wpcf7-validates-as-required\" autocomplete=\"full\" aria-required=\"true\" aria-invalid=\"false\" value=\"\" type=\"text\" name=\"your-name\" \/><\/span> \r\n<\/label>\r\n<label> E-posta\r\n    <span class=\"wpcf7-form-control-wrap\" data-name=\"your-email\"><input size=\"40\" maxlength=\"400\" class=\"wpcf7-form-control wpcf7-email wpcf7-validates-as-required wpcf7-text wpcf7-validates-as-email\" autocomplete=\"email\" aria-required=\"true\" aria-invalid=\"false\" value=\"\" type=\"email\" name=\"your-email\" \/><\/span> <\/label>\r\n<\/div>\r\n<div class=\"right\">\r\n<label> Cep Telefonu\r\n    <span class=\"wpcf7-form-control-wrap\" data-name=\"tel-14\"><input size=\"40\" maxlength=\"400\" class=\"wpcf7-form-control wpcf7-tel wpcf7-validates-as-required wpcf7-text wpcf7-validates-as-tel\" aria-required=\"true\" aria-invalid=\"false\" value=\"\" type=\"tel\" name=\"tel-14\" \/><\/span> <\/label>\r\n\r\n<label> \u015eirket Alan\u0131\r\n    <span class=\"wpcf7-form-control-wrap\" data-name=\"field-of-company\"><input size=\"40\" maxlength=\"400\" class=\"wpcf7-form-control wpcf7-text wpcf7-validates-as-required\" autocomplete=\"field\" aria-required=\"true\" aria-invalid=\"false\" value=\"\" type=\"text\" name=\"field-of-company\" \/><\/span> <\/label>\r\n<\/div>\r\n<div class=\"left\">\r\n<label> \u0130\u015fletmenizin ad\u0131\r\n    <span class=\"wpcf7-form-control-wrap\" data-name=\"name_of_your_business\"><input size=\"40\" maxlength=\"400\" class=\"wpcf7-form-control wpcf7-text wpcf7-validates-as-required\" autocomplete=\"name\" aria-required=\"true\" aria-invalid=\"false\" value=\"\" type=\"text\" name=\"name_of_your_business\" \/><\/span> <\/label>\r\n<\/div><\/div>\r\n\r\n\r\n\r\n\r\n\r\n\r\n<label style=\"font-size:20px; color:#fff; text-align: center; background-color:#0CA2C2;\" >Tasar\u0131m Bilgileri<\/label>\r\n<br>\r\n\r\n<div class=\"clearfix\">\r\n<div class=\"left\">\r\n<label>\u015eirketiniz i\u00e7in Logonuz var m\u0131?<\/label>\r\n<span class=\"wpcf7-form-control-wrap\" data-name=\"DoyouhaveLogoforyourCompany\"><span class=\"wpcf7-form-control wpcf7-radio\"><span class=\"wpcf7-list-item first\"><label><input type=\"radio\" name=\"DoyouhaveLogoforyourCompany\" value=\"Evet\" \/><span class=\"wpcf7-list-item-label\">Evet<\/span><\/label><\/span><span class=\"wpcf7-list-item last\"><label><input type=\"radio\" name=\"DoyouhaveLogoforyourCompany\" value=\"Hay\u0131r\" checked=\"checked\" \/><span class=\"wpcf7-list-item-label\">Hay\u0131r<\/span><\/label><\/span><\/span><\/span>\r\n<div class=\"uacf7_conditional logo\">\r\n<div data-id=\"logo\" data-clear= clear_field_on_hide data-class=\"extcf7_group\">\r\n<span class=\"wpcf7-form-control-wrap\" data-name=\"file-335\"><input size=\"40\" class=\"wpcf7-form-control wpcf7-file\" accept=\".png\" aria-invalid=\"false\" type=\"file\" name=\"file-335\" \/><\/span>\r\n<\/div>\r\n<\/div>\r\n\r\n<label>\u015eirketiniz i\u00e7in k\u0131lavuzlar\u0131n\u0131z var m\u0131?<\/label>\r\n<span class=\"wpcf7-form-control-wrap\" data-name=\"guidelines\"><span class=\"wpcf7-form-control wpcf7-radio\"><span class=\"wpcf7-list-item first\"><label><input type=\"radio\" name=\"guidelines\" value=\"Evet\" \/><span class=\"wpcf7-list-item-label\">Evet<\/span><\/label><\/span><span class=\"wpcf7-list-item last\"><label><input type=\"radio\" name=\"guidelines\" value=\"Hay\u0131r\" checked=\"checked\" \/><span class=\"wpcf7-list-item-label\">Hay\u0131r<\/span><\/label><\/span><\/span><\/span>\r\n<div class=\"uacf7_conditional guidelines\">\r\n<div data-id=\"guidelines\" data-clear= clear_field_on_hide data-class=\"extcf7_group\">\r\n<span class=\"wpcf7-form-control-wrap\" data-name=\"guidelines\"><input size=\"40\" maxlength=\"400\" class=\"wpcf7-form-control wpcf7-url wpcf7-text wpcf7-validates-as-url\" aria-invalid=\"false\" placeholder=\"URL\" value=\"\" type=\"url\" name=\"guidelines\" \/><\/span>\r\n<\/div>\r\n<\/div>\r\n\r\n<label>Hangi web sitesi \u00f6zelliklerine ve i\u015flevselli\u011fine ihtiyac\u0131n\u0131z var? \r\n<span class=\"wpcf7-form-control-wrap\" data-name=\"websitefeatures\"><textarea cols=\"40\" rows=\"10\" maxlength=\"2000\" class=\"wpcf7-form-control wpcf7-textarea\" aria-invalid=\"false\" name=\"websitefeatures\"><\/textarea><\/span>\r\n<\/label>\r\n\r\n<label>Hangi renkleri, g\u00f6rselleri ve tasar\u0131m \u00f6\u011felerini tercih ediyorsunuz? \r\n<span class=\"wpcf7-form-control-wrap\" data-name=\"colorsimages\"><textarea cols=\"40\" rows=\"10\" maxlength=\"2000\" class=\"wpcf7-form-control wpcf7-textarea\" aria-invalid=\"false\" name=\"colorsimages\"><\/textarea><\/span>\r\n<\/label>\r\n<div class=\"cpfcf7_colorpicker\">\n\t\t\t\t<input id=\"\" type=\"text\" name=\"color_picker-514\"  class=\"wpcf7-form-control wpcf7-color_picker colorpicker_input_class\" value=\"#1eb4bf\">\n        \t<\/div>\r\n<\/div>\r\n<div class=\"right\">\r\n<label>Web sitesinin g\u00f6r\u00fcn\u00fcm\u00fcn\u00fc nas\u0131l istiyorsunuz?<\/label>\r\n<span class=\"wpcf7-form-control-wrap\" data-name=\"website\"><select class=\"wpcf7-form-control wpcf7-select\" aria-invalid=\"false\" name=\"website\"><option value=\"Tek Sayfal\u0131 Web Siteleri\">Tek Sayfal\u0131 Web Siteleri<\/option><option value=\"\u00c7ok Sayfal\u0131 Web Siteleri\">\u00c7ok Sayfal\u0131 Web Siteleri<\/option><\/select><\/span>\r\n\r\n<div class=\"uacf7_conditional Single\">\r\n<div data-id=\"Single\" data-clear= clear_field_on_hide data-class=\"extcf7_group\">\r\n<img decoding=\"async\" src=\"https:\/\/sawaftech.com\/wp-content\/uploads\/2023\/04\/Single-Page-Websites.png\" border=\"0\" width=\"300\">\r\n\r\n<\/div>\r\n<\/div>\r\n\r\n<div class=\"uacf7_conditional Multi\">\r\n<div data-id=\"Multi\" data-clear= clear_field_on_hide data-class=\"extcf7_group\">\r\n<img decoding=\"async\" src=\"https:\/\/sawaftech.com\/wp-content\/uploads\/2023\/04\/Multi-Page-Websites.png\" border=\"0\" width=\"300\">\r\n<\/div>\r\n<\/div>\r\n<\/div>\r\n<\/div>\r\n\r\n\r\n<label style=\"font-size:20px; color:#fff; text-align: center;  background-color:#0CA2C2;\" >Stil Bilgileri<\/label>\r\n<br>\r\n<div class=\"clearfix\">\r\n<div class=\"left\">\r\n<center>\r\n<img decoding=\"async\" src=\"https:\/\/sawaftech.com\/wp-content\/uploads\/2019\/12\/Header-Type3.png\" border=\"0\" width=\"600\">\r\n<\/center>\r\n<span class=\"wpcf7-form-control-wrap\" data-name=\"HeaderStyleDropdown\"><select class=\"wpcf7-form-control wpcf7-select\" aria-invalid=\"false\" name=\"HeaderStyleDropdown\"><option value=\"a\u015fa\u011f\u0131dakilerden hangi ba\u015fl\u0131\u011f\u0131 tercih ediyorsunuz\">a\u015fa\u011f\u0131dakilerden hangi ba\u015fl\u0131\u011f\u0131 tercih ediyorsunuz<\/option><option value=\"Ba\u015fl\u0131k 1\">Ba\u015fl\u0131k 1<\/option><option value=\"Ba\u015fl\u0131k 2\">Ba\u015fl\u0131k 2<\/option><option value=\"Ba\u015fl\u0131k 3\">Ba\u015fl\u0131k 3<\/option><option value=\"Ba\u015fl\u0131k 4\">Ba\u015fl\u0131k 4<\/option><option value=\"Ba\u015fl\u0131k 5\">Ba\u015fl\u0131k 5<\/option><option value=\"Ba\u015fl\u0131k 6\">Ba\u015fl\u0131k 6<\/option><option value=\"Ba\u015fl\u0131k 7\">Ba\u015fl\u0131k 7<\/option><\/select><\/span>\r\n<\/div>\r\n<div class=\"right\">\r\n<label>Tasar\u0131m\u0131n\u0131 ve i\u015flevselli\u011fini be\u011fendi\u011finiz web siteleri hangileri?\r\n<span class=\"wpcf7-form-control-wrap\" data-name=\"websites-design\"><textarea cols=\"40\" rows=\"10\" maxlength=\"2000\" class=\"wpcf7-form-control wpcf7-textarea\" aria-invalid=\"false\" name=\"websites-design\"><\/textarea><\/span>\r\n<\/label>\r\n\r\n<label>Rakip \u015firketlerin web sitesi \r\n<span class=\"wpcf7-form-control-wrap\" data-name=\"Competition-companies\"><textarea cols=\"40\" rows=\"10\" maxlength=\"2000\" class=\"wpcf7-form-control wpcf7-textarea\" aria-invalid=\"false\" name=\"Competition-companies\"><\/textarea><\/span>\r\n<\/label>\r\n<br>\r\n<label>\r\nGerekli Sayfalar\r\n<\/label>\r\n<span class=\"wpcf7-form-control-wrap\" data-name=\"pagesrequired-Ch\"><span class=\"wpcf7-form-control wpcf7-checkbox\"><span class=\"wpcf7-list-item first\"><label><input type=\"checkbox\" name=\"pagesrequired-Ch[]\" value=\"Hakk\u0131m\u0131zda\" \/><span class=\"wpcf7-list-item-label\">Hakk\u0131m\u0131zda<\/span><\/label><\/span><span class=\"wpcf7-list-item\"><label><input type=\"checkbox\" name=\"pagesrequired-Ch[]\" value=\"\u0130leti\u015fim\" \/><span class=\"wpcf7-list-item-label\">\u0130leti\u015fim<\/span><\/label><\/span><span class=\"wpcf7-list-item\"><label><input type=\"checkbox\" name=\"pagesrequired-Ch[]\" value=\"\u00dcr\u00fcn Listesi\" \/><span class=\"wpcf7-list-item-label\">\u00dcr\u00fcn Listesi<\/span><\/label><\/span><span class=\"wpcf7-list-item\"><label><input type=\"checkbox\" name=\"pagesrequired-Ch[]\" value=\"Blog\" \/><span class=\"wpcf7-list-item-label\">Blog<\/span><\/label><\/span><span class=\"wpcf7-list-item\"><label><input type=\"checkbox\" name=\"pagesrequired-Ch[]\" value=\"Portfolyo\" \/><span class=\"wpcf7-list-item-label\">Portfolyo<\/span><\/label><\/span><span class=\"wpcf7-list-item\"><label><input type=\"checkbox\" name=\"pagesrequired-Ch[]\" value=\"Galeri\" \/><span class=\"wpcf7-list-item-label\">Galeri<\/span><\/label><\/span><span class=\"wpcf7-list-item\"><label><input type=\"checkbox\" name=\"pagesrequired-Ch[]\" value=\"Referanslar\" \/><span class=\"wpcf7-list-item-label\">Referanslar<\/span><\/label><\/span><span class=\"wpcf7-list-item\"><label><input type=\"checkbox\" name=\"pagesrequired-Ch[]\" value=\"SSS\" \/><span class=\"wpcf7-list-item-label\">SSS<\/span><\/label><\/span><span class=\"wpcf7-list-item\"><label><input type=\"checkbox\" name=\"pagesrequired-Ch[]\" value=\"\u00dcyelik Ba\u015fvurusu\" \/><span class=\"wpcf7-list-item-label\">\u00dcyelik Ba\u015fvurusu<\/span><\/label><\/span><span class=\"wpcf7-list-item last\"><label><input type=\"checkbox\" name=\"pagesrequired-Ch[]\" value=\"\u00d6zel Yaz\u0131 Tipi\" \/><span class=\"wpcf7-list-item-label\">\u00d6zel Yaz\u0131 Tipi<\/span><\/label><\/span><\/span><\/span>\r\n<br><br>\r\n<label>\r\nYeni web siteniz i\u00e7in haz\u0131rlanm\u0131\u015f g\u00fcncel i\u00e7eri\u011finiz var m\u0131?\r\n<span class=\"wpcf7-form-control-wrap\" data-name=\"content-prepared\"><select class=\"wpcf7-form-control wpcf7-select\" aria-invalid=\"false\" name=\"content-prepared\"><option value=\"Evet\">Evet<\/option><option value=\"Hay\u0131r\">Hay\u0131r<\/option><\/select><\/span>\r\n\r\n<\/label>\r\n\r\n<\/div><\/div>\r\nKodu Girin\r\n<div class=\"main-cf7-captcha\"><span class=\"wpcf7-form-control-wrap input-captcha-cf7\"><input size=\"40\" class=\"wpcf7-form-control wpcf7-captchacf7 wpcf7-validates-as-required cf7_text_captcha\" id=\"input-captcha-cf7\" aria-required=\"true\" aria-invalid=\"false\" value=\"\" type=\"text\" name=\"input-captcha-cf7\" \/><\/span><\/div><img decoding=\"async\" src=\"https:\/\/sawaftech.com\/wp-content\/plugins\/text-captcha-contact-form-7\/include\/image.php\" alt=\"cf7captcha\" id=\"image-captcha-cf7\"><a href=\"javascript:void(0);\" id=\"reload_captcha\"><img decoding=\"async\" src=\"https:\/\/sawaftech.com\/wp-content\/plugins\/text-captcha-contact-form-7\/assets\/images\/refresh.png\" alt=\"Regenerate Captcha\"><\/a>\r\n<br>\r\n<input class=\"wpcf7-form-control wpcf7-submit has-spinner\" type=\"submit\" value=\"G\u00f6nder\" \/><\/div><input type=\"text\" name=\"3wn1N\" value=\"\" style=\"display: none !important;\" \/><div class=\"wpcf7-response-output\" aria-hidden=\"true\"><\/div>\n<\/form>\n<\/div>\n<\/div>\n\t\t\t\t\t\t<\/div>\n\t\t\t\t<\/div>\n\t\t\t\t\t<\/div>\n\t\t<\/div>\n\t\t\t\t\t<\/div>\n\t\t<\/section>\n\t\t\t\t<\/div>\n\t\t","protected":false},"excerpt":{"rendered":"<p>\u00d6zel Yaz\u0131l\u0131m<\/p>\n","protected":false},"author":2,"featured_media":0,"parent":0,"menu_order":0,"comment_status":"closed","ping_status":"closed","template":"elementor_header_footer","meta":{"_vp_format_video_url":"","_vp_image_focal_point":[],"footnotes":""},"class_list":["post-36418","page","type-page","status-publish","hentry"],"_links":{"self":[{"href":"https:\/\/sawaftech.com\/tr\/wp-json\/wp\/v2\/pages\/36418","targetHints":{"allow":["GET"]}}],"collection":[{"href":"https:\/\/sawaftech.com\/tr\/wp-json\/wp\/v2\/pages"}],"about":[{"href":"https:\/\/sawaftech.com\/tr\/wp-json\/wp\/v2\/types\/page"}],"author":[{"embeddable":true,"href":"https:\/\/sawaftech.com\/tr\/wp-json\/wp\/v2\/users\/2"}],"replies":[{"embeddable":true,"href":"https:\/\/sawaftech.com\/tr\/wp-json\/wp\/v2\/comments?post=36418"}],"version-history":[{"count":1,"href":"https:\/\/sawaftech.com\/tr\/wp-json\/wp\/v2\/pages\/36418\/revisions"}],"predecessor-version":[{"id":36419,"href":"https:\/\/sawaftech.com\/tr\/wp-json\/wp\/v2\/pages\/36418\/revisions\/36419"}],"wp:attachment":[{"href":"https:\/\/sawaftech.com\/tr\/wp-json\/wp\/v2\/media?parent=36418"}],"curies":[{"name":"wp","href":"https:\/\/api.w.org\/{rel}","templated":true}]}}